{"id":2030,"date":"2013-07-10T22:02:04","date_gmt":"2013-07-11T02:02:04","guid":{"rendered":"https:\/\/canergo.trwa.ca\/contact-us-2-2\/"},"modified":"2013-07-19T00:09:30","modified_gmt":"2013-07-19T04:09:30","slug":"contact-us-2","status":"publish","type":"page","link":"https:\/\/canergo.trwa.ca\/fr\/contact-us-2\/","title":{"rendered":"Nous-joindre"},"content":{"rendered":"<p><strong>Pour toute information concernant CanErgo, ses produits ou ses services, n&rsquo;h\u00e9sitez pas \u00e0 nous \u00e9crire.<\/strong><\/p>\n<p>T\u00e9l\u00e9phone: 519-748-5899<br \/>\nT\u00e9l\u00e9copieur:519-748-5303<br \/>\nT\u00e9l\u00e9copieur sans frais: 1-866-CANERGO (226-3746)<\/p>\n<style type=\"text\/css\"><!--\nP { margin-bottom: 0.08in; }\n--><\/style>\n<p><span style=\"font-size: medium;\">Courriel: <a href=\"mailto:carolyn@canergo.trwa.ca\">carolyn@canergo.trwa.ca<\/a>, <a href=\"mailto: mail@canergo.trwa.ca\">mail@canergo.trwa.ca<\/a><br \/>\n<\/span><\/p>\n<p>&nbsp;<\/p>\n","protected":false},"excerpt":{"rendered":"<p>Pour toute information concernant CanErgo, ses produits ou ses services, n&rsquo;h\u00e9sitez pas \u00e0 nous \u00e9crire. T\u00e9l\u00e9phone: 519-748-5899 T\u00e9l\u00e9copieur:519-748-5303 T\u00e9l\u00e9copieur sans frais: 1-866-CANERGO (226-3746) Courriel: carolyn@canergo.trwa.ca, mail@canergo.trwa.ca &nbsp;<\/p>\n","protected":false},"author":1,"featured_media":0,"parent":0,"menu_order":0,"comment_status":"closed","ping_status":"closed","template":"","meta":{"footnotes":""},"class_list":["post-2030","page","type-page","status-publish","hentry"],"_links":{"self":[{"href":"https:\/\/canergo.trwa.ca\/fr\/wp-json\/wp\/v2\/pages\/2030","targetHints":{"allow":["GET"]}}],"collection":[{"href":"https:\/\/canergo.trwa.ca\/fr\/wp-json\/wp\/v2\/pages"}],"about":[{"href":"https:\/\/canergo.trwa.ca\/fr\/wp-json\/wp\/v2\/types\/page"}],"author":[{"embeddable":true,"href":"https:\/\/canergo.trwa.ca\/fr\/wp-json\/wp\/v2\/users\/1"}],"replies":[{"embeddable":true,"href":"https:\/\/canergo.trwa.ca\/fr\/wp-json\/wp\/v2\/comments?post=2030"}],"version-history":[{"count":0,"href":"https:\/\/canergo.trwa.ca\/fr\/wp-json\/wp\/v2\/pages\/2030\/revisions"}],"wp:attachment":[{"href":"https:\/\/canergo.trwa.ca\/fr\/wp-json\/wp\/v2\/media?parent=2030"}],"curies":[{"name":"wp","href":"https:\/\/api.w.org\/{rel}","templated":true}]}}