{"id":682,"date":"2012-08-23T14:18:33","date_gmt":"2012-08-23T18:18:33","guid":{"rendered":"https:\/\/canergo.trwa.ca\/?page_id=682"},"modified":"2013-08-20T12:07:15","modified_gmt":"2013-08-20T16:07:15","slug":"accuiel","status":"publish","type":"page","link":"https:\/\/canergo.trwa.ca\/fr\/","title":{"rendered":"Accuiel"},"content":{"rendered":"<p>CanErgo, est un n\u00e9gociant et un distributeur de chaises et accessoires ergonomiques de bureau Canadien reconnu depuis de nombreuses ann\u00e9es pour la qualit\u00e9 sup\u00e9rieure de ses produits car, pour nous, c\u2019est un souci de tous les instants. Notre entreprise a toujours su demeurer \u00e0 l\u2019avant-garde de l\u2019industrie de chaises de bureau. Le design, la qualit\u00e9, la flexibilit\u00e9 et l\u2019innovation sont des valeurs ajout\u00e9es \u00e0 chaque produit.<\/p>\n<p>Nous distribuons des chaises de bureau sur mesure pour une client\u00e8le avertie recherchant des chaises de bureau de qualit\u00e9 sup\u00e9rieure tout en respectant les budgets les plus exigeants.<\/p>\n<p>A travers notre identit\u00e9, notre savoir-faire et notre savoir-\u00eatre, les collaborateurs qui composent aujourd\u2019hui l\u2019\u00e9quipe de CanErgo contribuent chaque jour \u00e0 la performance et au succ\u00e8s de l\u2019entreprise. Elle ne perd jamais de vue la culture du service, de la transparence des prix, de la proximit\u00e9 et de l\u2019accompagnement.<\/p>\n","protected":false},"excerpt":{"rendered":"<p>CanErgo, est un n\u00e9gociant et un distributeur de chaises et accessoires ergonomiques de bureau Canadien reconnu depuis de nombreuses ann\u00e9es pour la qualit\u00e9 sup\u00e9rieure de ses produits car, pour nous, c\u2019est un souci de tous les instants. Notre entreprise a &hellip; <a href=\"https:\/\/canergo.trwa.ca\/fr\/\">Continue reading <span class=\"meta-nav\">&rarr;<\/span><\/a><\/p>\n","protected":false},"author":1,"featured_media":0,"parent":0,"menu_order":0,"comment_status":"closed","ping_status":"closed","template":"home.php","meta":{"footnotes":""},"class_list":["post-682","page","type-page","status-publish","hentry"],"_links":{"self":[{"href":"https:\/\/canergo.trwa.ca\/fr\/wp-json\/wp\/v2\/pages\/682","targetHints":{"allow":["GET"]}}],"collection":[{"href":"https:\/\/canergo.trwa.ca\/fr\/wp-json\/wp\/v2\/pages"}],"about":[{"href":"https:\/\/canergo.trwa.ca\/fr\/wp-json\/wp\/v2\/types\/page"}],"author":[{"embeddable":true,"href":"https:\/\/canergo.trwa.ca\/fr\/wp-json\/wp\/v2\/users\/1"}],"replies":[{"embeddable":true,"href":"https:\/\/canergo.trwa.ca\/fr\/wp-json\/wp\/v2\/comments?post=682"}],"version-history":[{"count":0,"href":"https:\/\/canergo.trwa.ca\/fr\/wp-json\/wp\/v2\/pages\/682\/revisions"}],"wp:attachment":[{"href":"https:\/\/canergo.trwa.ca\/fr\/wp-json\/wp\/v2\/media?parent=682"}],"curies":[{"name":"wp","href":"https:\/\/api.w.org\/{rel}","templated":true}]}}